{"id":161,"date":"2025-11-09T02:25:20","date_gmt":"2025-11-09T02:25:20","guid":{"rendered":"https:\/\/avat.uprrp.edu\/cocreacion\/?page_id=161"},"modified":"2025-11-09T02:52:52","modified_gmt":"2025-11-09T02:52:52","slug":"museo-del-color","status":"publish","type":"page","link":"https:\/\/avat.uprrp.edu\/cocreacion\/museo-del-color\/","title":{"rendered":"El Museo del Color"},"content":{"rendered":"<style>.kb-image161_c05872-d9 .kb-image-has-overlay:after{opacity:0.3;}<\/style>\n<div class=\"wp-block-kadence-image kb-image161_c05872-d9\"><figure class=\"aligncenter size-full\"><img loading=\"lazy\" decoding=\"async\" width=\"509\" height=\"190\" src=\"https:\/\/avat.uprrp.edu\/cocreacion\/wp-content\/uploads\/sites\/7\/2025\/11\/bruner.jpg\" alt=\"\" class=\"kb-img wp-image-180\" srcset=\"https:\/\/avat.uprrp.edu\/cocreacion\/wp-content\/uploads\/sites\/7\/2025\/11\/bruner.jpg 509w, https:\/\/avat.uprrp.edu\/cocreacion\/wp-content\/uploads\/sites\/7\/2025\/11\/bruner-300x112.jpg 300w\" sizes=\"auto, (max-width: 509px) 100vw, 509px\" \/><\/figure><\/div>\n\n\n<section style=\"max-width: 1100px; margin: 0 auto; padding: 24px 0;\">\n<figure style=\"margin: 0;\">\n<figcaption style=\"font-size: .95em; color: #555; margin-top: .5em; text-align: center;\"><strong style=\"font-size: 1.08em; color: #334155;\">El Museo del Color<\/strong><span style=\"font-size: 1.08em; color: #334155;\"> es una experiencia de co-creaci\u00f3n del curso <\/span><em style=\"font-size: 1.08em; color: #334155;\">CIFI 4074<\/em><span style=\"font-size: 1.08em; color: #334155;\">.<\/span><\/figcaption>\n<\/figure>\n<div style=\"margin-top: 14px;\">\n<p style=\"font-size: 1.08em; line-height: 1.7; margin: 0;\">Explora la historia del color desde los pigmentos y tintes hist\u00f3ricos hasta su representaci\u00f3n digital contempor\u00e1nea.<br \/>Este espacio presenta el proyecto en construcci\u00f3n y la narrativa que da sentido a su evoluci\u00f3n dentro del ecosistema GAIA\u2013AVAT.<\/p>\n<\/div>\n<\/section>\n\n<div class=\"h5p-iframe-wrapper\"><iframe id=\"h5p-iframe-8\" class=\"h5p-iframe\" data-content-id=\"8\" style=\"height:1px\" src=\"about:blank\" frameBorder=\"0\" scrolling=\"no\" title=\"El Museo de los Colores\"><\/iframe><\/div>\n\n\n<style>.kb-image161_b0e014-e8 .kb-image-has-overlay:after{opacity:0.3;}<\/style>\n<figure class=\"wp-block-kadence-image kb-image161_b0e014-e8\"><img alt=\"\" class=\"kb-img\"\/><\/figure>\n","protected":false},"excerpt":{"rendered":"<p>El Museo del Color es una experiencia de co-creaci\u00f3n del curso CIFI 4074. Explora la historia del color desde los [&hellip;]<\/p>\n","protected":false},"author":2,"featured_media":0,"parent":0,"menu_order":0,"comment_status":"closed","ping_status":"closed","template":"","meta":{"site-sidebar-layout":"default","site-content-layout":"","ast-site-content-layout":"default","site-content-style":"default","site-sidebar-style":"default","ast-global-header-display":"","ast-banner-title-visibility":"","ast-main-header-display":"","ast-hfb-above-header-display":"","ast-hfb-below-header-display":"","ast-hfb-mobile-header-display":"","site-post-title":"","ast-breadcrumbs-content":"","ast-featured-img":"","footer-sml-layout":"","ast-disable-related-posts":"","theme-transparent-header-meta":"","adv-header-id-meta":"","stick-header-meta":"","header-above-stick-meta":"","header-main-stick-meta":"","header-below-stick-meta":"","astra-migrate-meta-layouts":"default","ast-page-background-enabled":"default","ast-page-background-meta":{"desktop":{"background-color":"var(--ast-global-color-5)","background-image":"","background-repeat":"repeat","background-position":"center center","background-size":"auto","background-attachment":"scroll","background-type":"","background-media":"","overlay-type":"","overlay-color":"","overlay-opacity":"","overlay-gradient":""},"tablet":{"background-color":"","background-image":"","background-repeat":"repeat","background-position":"center center","background-size":"auto","background-attachment":"scroll","background-type":"","background-media":"","overlay-type":"","overlay-color":"","overlay-opacity":"","overlay-gradient":""},"mobile":{"background-color":"","background-image":"","background-repeat":"repeat","background-position":"center center","background-size":"auto","background-attachment":"scroll","background-type":"","background-media":"","overlay-type":"","overlay-color":"","overlay-opacity":"","overlay-gradient":""}},"ast-content-background-meta":{"desktop":{"background-color":"var(--ast-global-color-4)","background-image":"","background-repeat":"repeat","background-position":"center center","background-size":"auto","background-attachment":"scroll","background-type":"","background-media":"","overlay-type":"","overlay-color":"","overlay-opacity":"","overlay-gradient":""},"tablet":{"background-color":"var(--ast-global-color-4)","background-image":"","background-repeat":"repeat","background-position":"center center","background-size":"auto","background-attachment":"scroll","background-type":"","background-media":"","overlay-type":"","overlay-color":"","overlay-opacity":"","overlay-gradient":""},"mobile":{"background-color":"var(--ast-global-color-4)","background-image":"","background-repeat":"repeat","background-position":"center center","background-size":"auto","background-attachment":"scroll","background-type":"","background-media":"","overlay-type":"","overlay-color":"","overlay-opacity":"","overlay-gradient":""}},"footnotes":""},"class_list":["post-161","page","type-page","status-publish","hentry"],"_links":{"self":[{"href":"https:\/\/avat.uprrp.edu\/cocreacion\/wp-json\/wp\/v2\/pages\/161","targetHints":{"allow":["GET"]}}],"collection":[{"href":"https:\/\/avat.uprrp.edu\/cocreacion\/wp-json\/wp\/v2\/pages"}],"about":[{"href":"https:\/\/avat.uprrp.edu\/cocreacion\/wp-json\/wp\/v2\/types\/page"}],"author":[{"embeddable":true,"href":"https:\/\/avat.uprrp.edu\/cocreacion\/wp-json\/wp\/v2\/users\/2"}],"replies":[{"embeddable":true,"href":"https:\/\/avat.uprrp.edu\/cocreacion\/wp-json\/wp\/v2\/comments?post=161"}],"version-history":[{"count":6,"href":"https:\/\/avat.uprrp.edu\/cocreacion\/wp-json\/wp\/v2\/pages\/161\/revisions"}],"predecessor-version":[{"id":181,"href":"https:\/\/avat.uprrp.edu\/cocreacion\/wp-json\/wp\/v2\/pages\/161\/revisions\/181"}],"wp:attachment":[{"href":"https:\/\/avat.uprrp.edu\/cocreacion\/wp-json\/wp\/v2\/media?parent=161"}],"curies":[{"name":"wp","href":"https:\/\/api.w.org\/{rel}","templated":true}]}}